{"id":61,"date":"2024-12-05T14:43:55","date_gmt":"2024-12-05T14:43:55","guid":{"rendered":"https:\/\/hotel-whiteisboa.ms2.decms.eu\/?page_id=61"},"modified":"2024-12-05T14:46:52","modified_gmt":"2024-12-05T14:46:52","slug":"high-duplex-suite","status":"publish","type":"page","link":"https:\/\/www.hotelwhitelisboa.com\/fr\/chambres-et-suites\/high-duplex-suite\/","title":{"rendered":"High Duplex Suite"},"content":{"rendered":"<p>Duplex avec un lit double et situ\u00e9 au dernier \u00e9tage de l&rsquo;h\u00f4tel. Les grandes fen\u00eatres permettent d&rsquo;avoir plus de lumi\u00e8re dans la suite, rendant l&rsquo;ensemble de l&rsquo;espace plus lumineux. <\/p>\n<p>Le salon dispose d&rsquo;un canap\u00e9-lit et d&rsquo;un espace de travail. La chambre est situ\u00e9e au 2\u00e8me \u00e9tage de la suite.<\/p>\n","protected":false},"excerpt":{"rendered":"<p>Duplex avec un lit double et situ\u00e9 au dernier \u00e9tage de l&rsquo;h\u00f4tel. Les grandes fen\u00eatres permettent d&rsquo;avoir plus de lumi\u00e8re dans la suite, rendant l&rsquo;ensemble de l&rsquo;espace plus lumineux. Le salon dispose d&rsquo;un canap\u00e9-lit et d&rsquo;un espace de travail. La chambre est situ\u00e9e au 2\u00e8me \u00e9tage de la suite.<\/p>\n","protected":false},"author":8,"featured_media":0,"parent":26,"menu_order":4,"comment_status":"closed","ping_status":"closed","template":"template-single-room.php","meta":{"footnotes":""},"yoast_head":"<!-- This site is optimized with the Yoast SEO plugin v22.3 - https:\/\/yoast.com\/wordpress\/plugins\/seo\/ -->\n<title>High Duplex Suite ~ Hotel White Lisboa ~<\/title>\n<meta name=\"description\" content=\"Duplex avec un lit double et situ\u00e9 au dernier \u00e9tage de l&#039;h\u00f4tel. Les grandes fen\u00eatres permettent d&#039;avoir plus de lumi\u00e8re dans la suite, rendant l&#039;ensemble de l&#039;espace plus lumineux\" \/>\n<meta name=\"robots\" content=\"index, follow, max-snippet:-1, max-image-preview:large, max-video-preview:-1\" \/>\n<link rel=\"canonical\" href=\"https:\/\/www.hotelwhitelisboa.com\/fr\/chambres-et-suites\/high-duplex-suite\/\" \/>\n<meta property=\"og:locale\" content=\"fr_FR\" \/>\n<meta property=\"og:type\" content=\"article\" \/>\n<meta property=\"og:title\" content=\"High Duplex Suite ~ Hotel White Lisboa ~\" \/>\n<meta property=\"og:description\" content=\"Duplex avec un lit double et situ\u00e9 au dernier \u00e9tage de l&#039;h\u00f4tel. Les grandes fen\u00eatres permettent d&#039;avoir plus de lumi\u00e8re dans la suite, rendant l&#039;ensemble de l&#039;espace plus lumineux\" \/>\n<meta property=\"og:url\" content=\"https:\/\/www.hotelwhitelisboa.com\/fr\/chambres-et-suites\/high-duplex-suite\/\" \/>\n<meta property=\"og:site_name\" content=\"Hotel White Lisboa\" \/>\n<meta property=\"article:publisher\" content=\"https:\/\/www.facebook.com\/whitelisboa\" \/>\n<meta property=\"article:modified_time\" content=\"2024-12-05T14:46:52+00:00\" \/>\n<meta property=\"og:image\" content=\"https:\/\/www.hotelwhitelisboa.com\/wp-content\/uploads\/sites\/190\/2024\/12\/reception-hotel-white-lisboa-1.jpg\" \/>\n\t<meta property=\"og:image:width\" content=\"2200\" \/>\n\t<meta property=\"og:image:height\" content=\"1352\" \/>\n\t<meta property=\"og:image:type\" content=\"image\/jpeg\" \/>\n<meta name=\"twitter:card\" content=\"summary_large_image\" \/>\n<meta name=\"twitter:label1\" content=\"Dur\u00e9e de lecture estim\u00e9e\" \/>\n\t<meta name=\"twitter:data1\" content=\"1 minute\" \/>\n<script type=\"application\/ld+json\" class=\"yoast-schema-graph\">{\"@context\":\"https:\/\/schema.org\",\"@graph\":[{\"@type\":\"WebPage\",\"@id\":\"https:\/\/www.hotelwhitelisboa.com\/fr\/chambres-et-suites\/high-duplex-suite\/\",\"url\":\"https:\/\/www.hotelwhitelisboa.com\/fr\/chambres-et-suites\/high-duplex-suite\/\",\"name\":\"High Duplex Suite ~ Hotel White Lisboa ~\",\"isPartOf\":{\"@id\":\"https:\/\/www.hotelwhitelisboa.com\/fr\/#website\"},\"datePublished\":\"2024-12-05T14:43:55+00:00\",\"dateModified\":\"2024-12-05T14:46:52+00:00\",\"description\":\"Duplex avec un lit double et situ\u00e9 au dernier \u00e9tage de l'h\u00f4tel. Les grandes fen\u00eatres permettent d'avoir plus de lumi\u00e8re dans la suite, rendant l'ensemble de l'espace plus lumineux\",\"breadcrumb\":{\"@id\":\"https:\/\/www.hotelwhitelisboa.com\/fr\/chambres-et-suites\/high-duplex-suite\/#breadcrumb\"},\"inLanguage\":\"fr-FR\",\"potentialAction\":[{\"@type\":\"ReadAction\",\"target\":[\"https:\/\/www.hotelwhitelisboa.com\/fr\/chambres-et-suites\/high-duplex-suite\/\"]}]},{\"@type\":\"BreadcrumbList\",\"@id\":\"https:\/\/www.hotelwhitelisboa.com\/fr\/chambres-et-suites\/high-duplex-suite\/#breadcrumb\",\"itemListElement\":[{\"@type\":\"ListItem\",\"position\":1,\"name\":\"Home\",\"item\":\"https:\/\/www.hotelwhitelisboa.com\/fr\/\"},{\"@type\":\"ListItem\",\"position\":2,\"name\":\"Chambres et Suites\",\"item\":\"https:\/\/www.hotelwhitelisboa.com\/fr\/chambres-et-suites\/\"},{\"@type\":\"ListItem\",\"position\":3,\"name\":\"High Duplex Suite\"}]},{\"@type\":\"WebSite\",\"@id\":\"https:\/\/www.hotelwhitelisboa.com\/fr\/#website\",\"url\":\"https:\/\/www.hotelwhitelisboa.com\/fr\/\",\"name\":\"Hotel White Lisboa\",\"description\":\"\",\"publisher\":{\"@id\":\"https:\/\/www.hotelwhitelisboa.com\/fr\/#organization\"},\"potentialAction\":[{\"@type\":\"SearchAction\",\"target\":{\"@type\":\"EntryPoint\",\"urlTemplate\":\"https:\/\/www.hotelwhitelisboa.com\/fr\/?s={search_term_string}\"},\"query-input\":\"required name=search_term_string\"}],\"inLanguage\":\"fr-FR\"},{\"@type\":\"Organization\",\"@id\":\"https:\/\/www.hotelwhitelisboa.com\/fr\/#organization\",\"name\":\"Hotel White Lisboa\",\"url\":\"https:\/\/www.hotelwhitelisboa.com\/fr\/\",\"logo\":{\"@type\":\"ImageObject\",\"inLanguage\":\"fr-FR\",\"@id\":\"https:\/\/www.hotelwhitelisboa.com\/fr\/#\/schema\/logo\/image\/\",\"url\":\"https:\/\/www.hotelwhitelisboa.com\/wp-content\/uploads\/sites\/190\/2024\/12\/logo.png\",\"contentUrl\":\"https:\/\/www.hotelwhitelisboa.com\/wp-content\/uploads\/sites\/190\/2024\/12\/logo.png\",\"width\":1422,\"height\":700,\"caption\":\"Hotel White Lisboa\"},\"image\":{\"@id\":\"https:\/\/www.hotelwhitelisboa.com\/fr\/#\/schema\/logo\/image\/\"},\"sameAs\":[\"https:\/\/www.facebook.com\/whitelisboa\",\"https:\/\/www.instagram.com\/whitelisboa\"]}]}<\/script>\n<!-- \/ Yoast SEO plugin. -->","yoast_head_json":{"title":"High Duplex Suite ~ Hotel White Lisboa ~","description":"Duplex avec un lit double et situ\u00e9 au dernier \u00e9tage de l'h\u00f4tel. Les grandes fen\u00eatres permettent d'avoir plus de lumi\u00e8re dans la suite, rendant l'ensemble de l'espace plus lumineux","robots":{"index":"index","follow":"follow","max-snippet":"max-snippet:-1","max-image-preview":"max-image-preview:large","max-video-preview":"max-video-preview:-1"},"canonical":"https:\/\/www.hotelwhitelisboa.com\/fr\/chambres-et-suites\/high-duplex-suite\/","og_locale":"fr_FR","og_type":"article","og_title":"High Duplex Suite ~ Hotel White Lisboa ~","og_description":"Duplex avec un lit double et situ\u00e9 au dernier \u00e9tage de l'h\u00f4tel. Les grandes fen\u00eatres permettent d'avoir plus de lumi\u00e8re dans la suite, rendant l'ensemble de l'espace plus lumineux","og_url":"https:\/\/www.hotelwhitelisboa.com\/fr\/chambres-et-suites\/high-duplex-suite\/","og_site_name":"Hotel White Lisboa","article_publisher":"https:\/\/www.facebook.com\/whitelisboa","article_modified_time":"2024-12-05T14:46:52+00:00","og_image":[{"width":2200,"height":1352,"url":"https:\/\/www.hotelwhitelisboa.com\/wp-content\/uploads\/sites\/190\/2024\/12\/reception-hotel-white-lisboa-1.jpg","type":"image\/jpeg"}],"twitter_card":"summary_large_image","twitter_misc":{"Dur\u00e9e de lecture estim\u00e9e":"1 minute"},"schema":{"@context":"https:\/\/schema.org","@graph":[{"@type":"WebPage","@id":"https:\/\/www.hotelwhitelisboa.com\/fr\/chambres-et-suites\/high-duplex-suite\/","url":"https:\/\/www.hotelwhitelisboa.com\/fr\/chambres-et-suites\/high-duplex-suite\/","name":"High Duplex Suite ~ Hotel White Lisboa ~","isPartOf":{"@id":"https:\/\/www.hotelwhitelisboa.com\/fr\/#website"},"datePublished":"2024-12-05T14:43:55+00:00","dateModified":"2024-12-05T14:46:52+00:00","description":"Duplex avec un lit double et situ\u00e9 au dernier \u00e9tage de l'h\u00f4tel. Les grandes fen\u00eatres permettent d'avoir plus de lumi\u00e8re dans la suite, rendant l'ensemble de l'espace plus lumineux","breadcrumb":{"@id":"https:\/\/www.hotelwhitelisboa.com\/fr\/chambres-et-suites\/high-duplex-suite\/#breadcrumb"},"inLanguage":"fr-FR","potentialAction":[{"@type":"ReadAction","target":["https:\/\/www.hotelwhitelisboa.com\/fr\/chambres-et-suites\/high-duplex-suite\/"]}]},{"@type":"BreadcrumbList","@id":"https:\/\/www.hotelwhitelisboa.com\/fr\/chambres-et-suites\/high-duplex-suite\/#breadcrumb","itemListElement":[{"@type":"ListItem","position":1,"name":"Home","item":"https:\/\/www.hotelwhitelisboa.com\/fr\/"},{"@type":"ListItem","position":2,"name":"Chambres et Suites","item":"https:\/\/www.hotelwhitelisboa.com\/fr\/chambres-et-suites\/"},{"@type":"ListItem","position":3,"name":"High Duplex Suite"}]},{"@type":"WebSite","@id":"https:\/\/www.hotelwhitelisboa.com\/fr\/#website","url":"https:\/\/www.hotelwhitelisboa.com\/fr\/","name":"Hotel White Lisboa","description":"","publisher":{"@id":"https:\/\/www.hotelwhitelisboa.com\/fr\/#organization"},"potentialAction":[{"@type":"SearchAction","target":{"@type":"EntryPoint","urlTemplate":"https:\/\/www.hotelwhitelisboa.com\/fr\/?s={search_term_string}"},"query-input":"required name=search_term_string"}],"inLanguage":"fr-FR"},{"@type":"Organization","@id":"https:\/\/www.hotelwhitelisboa.com\/fr\/#organization","name":"Hotel White Lisboa","url":"https:\/\/www.hotelwhitelisboa.com\/fr\/","logo":{"@type":"ImageObject","inLanguage":"fr-FR","@id":"https:\/\/www.hotelwhitelisboa.com\/fr\/#\/schema\/logo\/image\/","url":"https:\/\/www.hotelwhitelisboa.com\/wp-content\/uploads\/sites\/190\/2024\/12\/logo.png","contentUrl":"https:\/\/www.hotelwhitelisboa.com\/wp-content\/uploads\/sites\/190\/2024\/12\/logo.png","width":1422,"height":700,"caption":"Hotel White Lisboa"},"image":{"@id":"https:\/\/www.hotelwhitelisboa.com\/fr\/#\/schema\/logo\/image\/"},"sameAs":["https:\/\/www.facebook.com\/whitelisboa","https:\/\/www.instagram.com\/whitelisboa"]}]}},"acf":[],"_links":{"self":[{"href":"https:\/\/www.hotelwhitelisboa.com\/fr\/wp-json\/wp\/v2\/pages\/61"}],"collection":[{"href":"https:\/\/www.hotelwhitelisboa.com\/fr\/wp-json\/wp\/v2\/pages"}],"about":[{"href":"https:\/\/www.hotelwhitelisboa.com\/fr\/wp-json\/wp\/v2\/types\/page"}],"author":[{"embeddable":true,"href":"https:\/\/www.hotelwhitelisboa.com\/fr\/wp-json\/wp\/v2\/users\/8"}],"replies":[{"embeddable":true,"href":"https:\/\/www.hotelwhitelisboa.com\/fr\/wp-json\/wp\/v2\/comments?post=61"}],"version-history":[{"count":0,"href":"https:\/\/www.hotelwhitelisboa.com\/fr\/wp-json\/wp\/v2\/pages\/61\/revisions"}],"up":[{"embeddable":true,"href":"https:\/\/www.hotelwhitelisboa.com\/fr\/wp-json\/wp\/v2\/pages\/26"}],"wp:attachment":[{"href":"https:\/\/www.hotelwhitelisboa.com\/fr\/wp-json\/wp\/v2\/media?parent=61"}],"curies":[{"name":"wp","href":"https:\/\/api.w.org\/{rel}","templated":true}]}}