{"id":159,"date":"2024-12-11T10:04:39","date_gmt":"2024-12-11T10:04:39","guid":{"rendered":"https:\/\/hotel-whiteisboa.ms2.decms.eu\/?page_id=159"},"modified":"2024-12-11T10:07:37","modified_gmt":"2024-12-11T10:07:37","slug":"politique-de-confidentialite-et-de-donnees","status":"publish","type":"page","link":"https:\/\/www.hotelwhitelisboa.com\/fr\/politique-de-confidentialite-et-de-donnees\/","title":{"rendered":"Politique de confidentialit\u00e9 et de donn\u00e9es"},"content":{"rendered":"<p><strong>Politique de confidentialit\u00e9 et de donn\u00e9es personnelles &#8211; applicable aux utilisateurs de cette entreprise h\u00f4teli\u00e8re lors de la r\u00e9servation<\/strong><\/p>\n<p><strong>Data Controller (nous):<\/strong>\u00a0L&rsquo;entreprise d&rsquo;accueil qui fournira \u00e0 vous, l&rsquo;utilisateur, le service demand\u00e9. Nos coordonn\u00e9es et coordonn\u00e9es sont disponibles sur le site internet que vous avez utilis\u00e9 pour effectuer votre r\u00e9servation \/ pour nous poser vos questions. Ils appara\u00eetront \u00e9galement sur notre facture que nous vous enverrons.<\/p>\n<p><strong>Responsabile della conformit\u00e0 dei dati:<\/strong>\u00a0Non applicable aux activit\u00e9s des Data Controllers.<\/p>\n<p><strong>Utilisateur<\/strong>\u00a0: Vous, qui avez rempli le formulaire de r\u00e9servation ou toute autre documentation relative \u00e0 celui-ci.<\/p>\n<p><strong>But:<\/strong>\u00a0Le but du traitement des donn\u00e9es fournies \u00e0 travers ce formulaire est de g\u00e9rer les r\u00e9servations faites par vous, utilisateur et \/ ou de r\u00e9pondre aux questions \/ demandes que vous avez pos\u00e9es.<\/p>\n<p><strong>Base l\u00e9gale:<\/strong><br \/>\n&#8211; Soit la n\u00e9cessit\u00e9 d&rsquo;ex\u00e9cuter notre contrat avec vous, l&rsquo;utilisateur \/ la n\u00e9cessit\u00e9 de prendre des mesures \u00e0 votre demande avant de conclure un contrat.<br \/>\n&#8211; Ou le consentement de vous, l&rsquo;utilisateur, en cochant la case d&rsquo;acceptation des Conditions G\u00e9n\u00e9rales d&rsquo;Utilisation dont cette Politique de Confidentialit\u00e9 et Donn\u00e9es Personnelles fait partie int\u00e9grante.<\/p>\n<p><strong>Dur\u00e9e:<\/strong>\u00a0Nous conserverons les donn\u00e9es fournies par vous, l&rsquo;utilisateur, pendant le temps n\u00e9cessaire \u00e0 la gestion de la r\u00e9servation que vous avez effectu\u00e9e, ainsi que des services d&rsquo;h\u00e9bergement que vous avez demand\u00e9s. Une fois la gestion termin\u00e9e, vos donn\u00e9es seront conserv\u00e9es pendant six (6) mois. Si vous consentez \u00e0 recevoir des informations marketing et \/ ou commerciales, vos donn\u00e9es seront conserv\u00e9es jusqu&rsquo;\u00e0 ce que vous r\u00e9voquiez votre consentement.<\/p>\n<p><strong>Processeur:<\/strong>\u00a0Nous engageons notre partenaire Guestcentric Group (\u00a0<a href=\"https:\/\/www.guestcentric.com\/\" target=\"_blank\" rel=\"noopener noreferrer\">www.guestcentric.com<\/a>\u00a0) pour la r\u00e9alisation du moteur de r\u00e9servations de notre activit\u00e9. Guestcentric agit sous notre autorit\u00e9 et nous avons sign\u00e9 un contrat avec Guestcentric Group pour la fourniture de leurs services. Nous avons demand\u00e9 \u00e0 Guestcentric Group d&rsquo;indiquer par \u00e9crit comment le traitement devrait \u00eatre effectu\u00e9.<\/p>\n<p><strong>Personnes concern\u00e9es diff\u00e9rentes des utilisateurs:<\/strong>\u00a0lorsque vous, utilisateur, nous fournissez des donn\u00e9es personnelles relatives \u00e0 une autre personne vous concernant, vous \u00eates responsable de ces actes ainsi que de l&rsquo;obtention du consentement respectif des personnes concern\u00e9es pour la fourniture de leurs donn\u00e9es .<\/p>\n<p><strong>Transfert de donn\u00e9es:<\/strong>\u00a0Nous ne transf\u00e9rerons pas de donn\u00e9es personnelles vers un pays tiers en dehors de l&rsquo;EEE (Espace \u00e9conomique europ\u00e9en).<\/p>\n<p><strong>Droits des sujets de donn\u00e9es:<\/strong>\u00a0Les sujets de donn\u00e9es peuvent exercer leurs droits d&rsquo;acc\u00e8s, de rectification, d&rsquo;annulation et d&rsquo;opposition en envoyant un e-mail ou via le service postal aux coordonn\u00e9es sur notre site de r\u00e9servation et sur nos factures.<\/p>\n<p><strong>Autorit\u00e9 de surveillance:<\/strong>\u00a0Si une personne concern\u00e9e consid\u00e8re que ses droits sont affect\u00e9s, elle peut \u00e9galement faire appel aupr\u00e8s de l&rsquo;autorit\u00e9 de surveillance comp\u00e9tente de l&rsquo;\u00c9tat membre concern\u00e9. Plus d&rsquo;informations sur:\u00a0<a href=\"https:\/\/ec.europa.eu\/info\/law\/law-topic\/data-protection\/data-protection-eu_en\" target=\"_blank\" rel=\"noopener noreferrer\">https:\/\/ec.europa.eu\/info\/law\/law-topic\/data-protection\/data-protection-eu_en<\/a><\/p>\n","protected":false},"excerpt":{"rendered":"<p>Politique de confidentialit\u00e9 et de donn\u00e9es personnelles &#8211; applicable aux utilisateurs de cette entreprise h\u00f4teli\u00e8re lors de la r\u00e9servation Data Controller (nous):\u00a0L&rsquo;entreprise d&rsquo;accueil qui fournira \u00e0 vous, l&rsquo;utilisateur, le service demand\u00e9. Nos coordonn\u00e9es et coordonn\u00e9es sont disponibles sur le site internet que vous avez utilis\u00e9 pour effectuer votre r\u00e9servation \/ pour nous poser vos questions. [&hellip;]<\/p>\n","protected":false},"author":8,"featured_media":0,"parent":0,"menu_order":999,"comment_status":"closed","ping_status":"closed","template":"","meta":{"footnotes":""},"yoast_head":"<!-- This site is optimized with the Yoast SEO plugin v22.3 - https:\/\/yoast.com\/wordpress\/plugins\/seo\/ -->\n<title>Politique de confidentialit\u00e9 et de donn\u00e9es ~ Hotel White Lisboa ~<\/title>\n<meta name=\"description\" content=\"Politique de confidentialit\u00e9 et de donn\u00e9es personnelles - applicable aux utilisateurs de cette entreprise h\u00f4teli\u00e8re lors de la r\u00e9servation  Data Controller (nous):\u00a0L&#039;entreprise d&#039;accueil qui fournira \u00e0 vous, l&#039;utilisateur, le service demand\u00e9. Nos coordonn\u00e9es et coordonn\u00e9es sont disponibles sur le site internet que vous avez utilis\u00e9 pour effectuer votre r\u00e9servation \/ pour nous poser vos questions\" \/>\n<meta name=\"robots\" content=\"index, follow, max-snippet:-1, max-image-preview:large, max-video-preview:-1\" \/>\n<link rel=\"canonical\" href=\"https:\/\/www.hotelwhitelisboa.com\/fr\/politique-de-confidentialite-et-de-donnees\/\" \/>\n<meta property=\"og:locale\" content=\"fr_FR\" \/>\n<meta property=\"og:type\" content=\"article\" \/>\n<meta property=\"og:title\" content=\"Politique de confidentialit\u00e9 et de donn\u00e9es ~ Hotel White Lisboa ~\" \/>\n<meta property=\"og:description\" content=\"Politique de confidentialit\u00e9 et de donn\u00e9es personnelles - applicable aux utilisateurs de cette entreprise h\u00f4teli\u00e8re lors de la r\u00e9servation  Data Controller (nous):\u00a0L&#039;entreprise d&#039;accueil qui fournira \u00e0 vous, l&#039;utilisateur, le service demand\u00e9. Nos coordonn\u00e9es et coordonn\u00e9es sont disponibles sur le site internet que vous avez utilis\u00e9 pour effectuer votre r\u00e9servation \/ pour nous poser vos questions\" \/>\n<meta property=\"og:url\" content=\"https:\/\/www.hotelwhitelisboa.com\/fr\/politique-de-confidentialite-et-de-donnees\/\" \/>\n<meta property=\"og:site_name\" content=\"Hotel White Lisboa\" \/>\n<meta property=\"article:publisher\" content=\"https:\/\/www.facebook.com\/whitelisboa\" \/>\n<meta property=\"article:modified_time\" content=\"2024-12-11T10:07:37+00:00\" \/>\n<meta property=\"og:image\" content=\"https:\/\/www.hotelwhitelisboa.com\/wp-content\/uploads\/sites\/190\/2024\/12\/reception-hotel-white-lisboa-1.jpg\" \/>\n\t<meta property=\"og:image:width\" content=\"2200\" \/>\n\t<meta property=\"og:image:height\" content=\"1352\" \/>\n\t<meta property=\"og:image:type\" content=\"image\/jpeg\" \/>\n<meta name=\"twitter:card\" content=\"summary_large_image\" \/>\n<script type=\"application\/ld+json\" class=\"yoast-schema-graph\">{\"@context\":\"https:\/\/schema.org\",\"@graph\":[{\"@type\":\"WebPage\",\"@id\":\"https:\/\/www.hotelwhitelisboa.com\/fr\/politique-de-confidentialite-et-de-donnees\/\",\"url\":\"https:\/\/www.hotelwhitelisboa.com\/fr\/politique-de-confidentialite-et-de-donnees\/\",\"name\":\"Politique de confidentialit\u00e9 et de donn\u00e9es ~ Hotel White Lisboa ~\",\"isPartOf\":{\"@id\":\"https:\/\/www.hotelwhitelisboa.com\/fr\/#website\"},\"datePublished\":\"2024-12-11T10:04:39+00:00\",\"dateModified\":\"2024-12-11T10:07:37+00:00\",\"description\":\"Politique de confidentialit\u00e9 et de donn\u00e9es personnelles - applicable aux utilisateurs de cette entreprise h\u00f4teli\u00e8re lors de la r\u00e9servation Data Controller (nous):\u00a0L'entreprise d'accueil qui fournira \u00e0 vous, l'utilisateur, le service demand\u00e9. Nos coordonn\u00e9es et coordonn\u00e9es sont disponibles sur le site internet que vous avez utilis\u00e9 pour effectuer votre r\u00e9servation \/ pour nous poser vos questions\",\"breadcrumb\":{\"@id\":\"https:\/\/www.hotelwhitelisboa.com\/fr\/politique-de-confidentialite-et-de-donnees\/#breadcrumb\"},\"inLanguage\":\"fr-FR\",\"potentialAction\":[{\"@type\":\"ReadAction\",\"target\":[\"https:\/\/www.hotelwhitelisboa.com\/fr\/politique-de-confidentialite-et-de-donnees\/\"]}]},{\"@type\":\"BreadcrumbList\",\"@id\":\"https:\/\/www.hotelwhitelisboa.com\/fr\/politique-de-confidentialite-et-de-donnees\/#breadcrumb\",\"itemListElement\":[{\"@type\":\"ListItem\",\"position\":1,\"name\":\"Home\",\"item\":\"https:\/\/www.hotelwhitelisboa.com\/fr\/\"},{\"@type\":\"ListItem\",\"position\":2,\"name\":\"Politique de confidentialit\u00e9 et de donn\u00e9es\"}]},{\"@type\":\"WebSite\",\"@id\":\"https:\/\/www.hotelwhitelisboa.com\/fr\/#website\",\"url\":\"https:\/\/www.hotelwhitelisboa.com\/fr\/\",\"name\":\"Hotel White Lisboa\",\"description\":\"\",\"publisher\":{\"@id\":\"https:\/\/www.hotelwhitelisboa.com\/fr\/#organization\"},\"potentialAction\":[{\"@type\":\"SearchAction\",\"target\":{\"@type\":\"EntryPoint\",\"urlTemplate\":\"https:\/\/www.hotelwhitelisboa.com\/fr\/?s={search_term_string}\"},\"query-input\":\"required name=search_term_string\"}],\"inLanguage\":\"fr-FR\"},{\"@type\":\"Organization\",\"@id\":\"https:\/\/www.hotelwhitelisboa.com\/fr\/#organization\",\"name\":\"Hotel White Lisboa\",\"url\":\"https:\/\/www.hotelwhitelisboa.com\/fr\/\",\"logo\":{\"@type\":\"ImageObject\",\"inLanguage\":\"fr-FR\",\"@id\":\"https:\/\/www.hotelwhitelisboa.com\/fr\/#\/schema\/logo\/image\/\",\"url\":\"https:\/\/www.hotelwhitelisboa.com\/wp-content\/uploads\/sites\/190\/2024\/12\/logo.png\",\"contentUrl\":\"https:\/\/www.hotelwhitelisboa.com\/wp-content\/uploads\/sites\/190\/2024\/12\/logo.png\",\"width\":1422,\"height\":700,\"caption\":\"Hotel White Lisboa\"},\"image\":{\"@id\":\"https:\/\/www.hotelwhitelisboa.com\/fr\/#\/schema\/logo\/image\/\"},\"sameAs\":[\"https:\/\/www.facebook.com\/whitelisboa\",\"https:\/\/www.instagram.com\/whitelisboa\"]}]}<\/script>\n<!-- \/ Yoast SEO plugin. -->","yoast_head_json":{"title":"Politique de confidentialit\u00e9 et de donn\u00e9es ~ Hotel White Lisboa ~","description":"Politique de confidentialit\u00e9 et de donn\u00e9es personnelles - applicable aux utilisateurs de cette entreprise h\u00f4teli\u00e8re lors de la r\u00e9servation  Data Controller (nous):\u00a0L'entreprise d'accueil qui fournira \u00e0 vous, l'utilisateur, le service demand\u00e9. Nos coordonn\u00e9es et coordonn\u00e9es sont disponibles sur le site internet que vous avez utilis\u00e9 pour effectuer votre r\u00e9servation \/ pour nous poser vos questions","robots":{"index":"index","follow":"follow","max-snippet":"max-snippet:-1","max-image-preview":"max-image-preview:large","max-video-preview":"max-video-preview:-1"},"canonical":"https:\/\/www.hotelwhitelisboa.com\/fr\/politique-de-confidentialite-et-de-donnees\/","og_locale":"fr_FR","og_type":"article","og_title":"Politique de confidentialit\u00e9 et de donn\u00e9es ~ Hotel White Lisboa ~","og_description":"Politique de confidentialit\u00e9 et de donn\u00e9es personnelles - applicable aux utilisateurs de cette entreprise h\u00f4teli\u00e8re lors de la r\u00e9servation  Data Controller (nous):\u00a0L'entreprise d'accueil qui fournira \u00e0 vous, l'utilisateur, le service demand\u00e9. Nos coordonn\u00e9es et coordonn\u00e9es sont disponibles sur le site internet que vous avez utilis\u00e9 pour effectuer votre r\u00e9servation \/ pour nous poser vos questions","og_url":"https:\/\/www.hotelwhitelisboa.com\/fr\/politique-de-confidentialite-et-de-donnees\/","og_site_name":"Hotel White Lisboa","article_publisher":"https:\/\/www.facebook.com\/whitelisboa","article_modified_time":"2024-12-11T10:07:37+00:00","og_image":[{"width":2200,"height":1352,"url":"https:\/\/www.hotelwhitelisboa.com\/wp-content\/uploads\/sites\/190\/2024\/12\/reception-hotel-white-lisboa-1.jpg","type":"image\/jpeg"}],"twitter_card":"summary_large_image","schema":{"@context":"https:\/\/schema.org","@graph":[{"@type":"WebPage","@id":"https:\/\/www.hotelwhitelisboa.com\/fr\/politique-de-confidentialite-et-de-donnees\/","url":"https:\/\/www.hotelwhitelisboa.com\/fr\/politique-de-confidentialite-et-de-donnees\/","name":"Politique de confidentialit\u00e9 et de donn\u00e9es ~ Hotel White Lisboa ~","isPartOf":{"@id":"https:\/\/www.hotelwhitelisboa.com\/fr\/#website"},"datePublished":"2024-12-11T10:04:39+00:00","dateModified":"2024-12-11T10:07:37+00:00","description":"Politique de confidentialit\u00e9 et de donn\u00e9es personnelles - applicable aux utilisateurs de cette entreprise h\u00f4teli\u00e8re lors de la r\u00e9servation Data Controller (nous):\u00a0L'entreprise d'accueil qui fournira \u00e0 vous, l'utilisateur, le service demand\u00e9. Nos coordonn\u00e9es et coordonn\u00e9es sont disponibles sur le site internet que vous avez utilis\u00e9 pour effectuer votre r\u00e9servation \/ pour nous poser vos questions","breadcrumb":{"@id":"https:\/\/www.hotelwhitelisboa.com\/fr\/politique-de-confidentialite-et-de-donnees\/#breadcrumb"},"inLanguage":"fr-FR","potentialAction":[{"@type":"ReadAction","target":["https:\/\/www.hotelwhitelisboa.com\/fr\/politique-de-confidentialite-et-de-donnees\/"]}]},{"@type":"BreadcrumbList","@id":"https:\/\/www.hotelwhitelisboa.com\/fr\/politique-de-confidentialite-et-de-donnees\/#breadcrumb","itemListElement":[{"@type":"ListItem","position":1,"name":"Home","item":"https:\/\/www.hotelwhitelisboa.com\/fr\/"},{"@type":"ListItem","position":2,"name":"Politique de confidentialit\u00e9 et de donn\u00e9es"}]},{"@type":"WebSite","@id":"https:\/\/www.hotelwhitelisboa.com\/fr\/#website","url":"https:\/\/www.hotelwhitelisboa.com\/fr\/","name":"Hotel White Lisboa","description":"","publisher":{"@id":"https:\/\/www.hotelwhitelisboa.com\/fr\/#organization"},"potentialAction":[{"@type":"SearchAction","target":{"@type":"EntryPoint","urlTemplate":"https:\/\/www.hotelwhitelisboa.com\/fr\/?s={search_term_string}"},"query-input":"required name=search_term_string"}],"inLanguage":"fr-FR"},{"@type":"Organization","@id":"https:\/\/www.hotelwhitelisboa.com\/fr\/#organization","name":"Hotel White Lisboa","url":"https:\/\/www.hotelwhitelisboa.com\/fr\/","logo":{"@type":"ImageObject","inLanguage":"fr-FR","@id":"https:\/\/www.hotelwhitelisboa.com\/fr\/#\/schema\/logo\/image\/","url":"https:\/\/www.hotelwhitelisboa.com\/wp-content\/uploads\/sites\/190\/2024\/12\/logo.png","contentUrl":"https:\/\/www.hotelwhitelisboa.com\/wp-content\/uploads\/sites\/190\/2024\/12\/logo.png","width":1422,"height":700,"caption":"Hotel White Lisboa"},"image":{"@id":"https:\/\/www.hotelwhitelisboa.com\/fr\/#\/schema\/logo\/image\/"},"sameAs":["https:\/\/www.facebook.com\/whitelisboa","https:\/\/www.instagram.com\/whitelisboa"]}]}},"acf":[],"_links":{"self":[{"href":"https:\/\/www.hotelwhitelisboa.com\/fr\/wp-json\/wp\/v2\/pages\/159"}],"collection":[{"href":"https:\/\/www.hotelwhitelisboa.com\/fr\/wp-json\/wp\/v2\/pages"}],"about":[{"href":"https:\/\/www.hotelwhitelisboa.com\/fr\/wp-json\/wp\/v2\/types\/page"}],"author":[{"embeddable":true,"href":"https:\/\/www.hotelwhitelisboa.com\/fr\/wp-json\/wp\/v2\/users\/8"}],"replies":[{"embeddable":true,"href":"https:\/\/www.hotelwhitelisboa.com\/fr\/wp-json\/wp\/v2\/comments?post=159"}],"version-history":[{"count":0,"href":"https:\/\/www.hotelwhitelisboa.com\/fr\/wp-json\/wp\/v2\/pages\/159\/revisions"}],"wp:attachment":[{"href":"https:\/\/www.hotelwhitelisboa.com\/fr\/wp-json\/wp\/v2\/media?parent=159"}],"curies":[{"name":"wp","href":"https:\/\/api.w.org\/{rel}","templated":true}]}}