{"id":134,"date":"2024-12-10T11:25:58","date_gmt":"2024-12-10T11:25:58","guid":{"rendered":"http:\/\/hotel-whiteisboa.ms2.decms.eu\/?page_id=134"},"modified":"2024-12-10T14:58:50","modified_gmt":"2024-12-10T14:58:50","slug":"actualites-evenements","status":"publish","type":"page","link":"https:\/\/www.hotelwhitelisboa.com\/fr\/actualites-evenements\/","title":{"rendered":"Actualit\u00e9s &#038; \u00c9v\u00e9nements"},"content":{"rendered":"<p>Lisbonne est une ville qui bouge sans cesse, et Hotel White Lisboa est le point de d\u00e9part id\u00e9al pour explorer sa culture vibrante. <\/p>\n<p>Voici une s\u00e9lection des \u00e9v\u00e9nements incontournables en 2025.<\/p>\n<p> Prenez note !<\/p>\n","protected":false},"excerpt":{"rendered":"<p>Lisbonne est une ville qui bouge sans cesse, et Hotel White Lisboa est le point de d\u00e9part id\u00e9al pour explorer sa culture vibrante. Voici une s\u00e9lection des \u00e9v\u00e9nements incontournables en 2025. Prenez note !<\/p>\n","protected":false},"author":8,"featured_media":0,"parent":0,"menu_order":12,"comment_status":"closed","ping_status":"closed","template":"template-default-2.php","meta":{"footnotes":""},"yoast_head":"<!-- This site is optimized with the Yoast SEO plugin v22.3 - https:\/\/yoast.com\/wordpress\/plugins\/seo\/ -->\n<title>Actualit\u00e9s &amp; \u00c9v\u00e9nements ~ Hotel White Lisboa ~<\/title>\n<meta name=\"description\" content=\"Lisbonne est une ville qui bouge sans cesse, et Hotel White Lisboa est le point de d\u00e9part id\u00e9al pour explorer sa culture vibrante.    Voici une s\u00e9lection des \u00e9v\u00e9nements incontournables en 2025.    Prenez note !\" \/>\n<meta name=\"robots\" content=\"index, follow, max-snippet:-1, max-image-preview:large, max-video-preview:-1\" \/>\n<link rel=\"canonical\" href=\"https:\/\/www.hotelwhitelisboa.com\/fr\/actualites-evenements\/\" \/>\n<meta property=\"og:locale\" content=\"fr_FR\" \/>\n<meta property=\"og:type\" content=\"article\" \/>\n<meta property=\"og:title\" content=\"Actualit\u00e9s &amp; \u00c9v\u00e9nements ~ Hotel White Lisboa ~\" \/>\n<meta property=\"og:description\" content=\"Lisbonne est une ville qui bouge sans cesse, et Hotel White Lisboa est le point de d\u00e9part id\u00e9al pour explorer sa culture vibrante.    Voici une s\u00e9lection des \u00e9v\u00e9nements incontournables en 2025.    Prenez note !\" \/>\n<meta property=\"og:url\" content=\"https:\/\/www.hotelwhitelisboa.com\/fr\/actualites-evenements\/\" \/>\n<meta property=\"og:site_name\" content=\"Hotel White Lisboa\" \/>\n<meta property=\"article:publisher\" content=\"https:\/\/www.facebook.com\/whitelisboa\" \/>\n<meta property=\"article:modified_time\" content=\"2024-12-10T14:58:50+00:00\" \/>\n<meta property=\"og:image\" content=\"https:\/\/www.hotelwhitelisboa.com\/wp-content\/uploads\/sites\/190\/2024\/12\/reception-hotel-white-lisboa-1.jpg\" \/>\n\t<meta property=\"og:image:width\" content=\"2200\" \/>\n\t<meta property=\"og:image:height\" content=\"1352\" \/>\n\t<meta property=\"og:image:type\" content=\"image\/jpeg\" \/>\n<meta name=\"twitter:card\" content=\"summary_large_image\" \/>\n<meta name=\"twitter:label1\" content=\"Dur\u00e9e de lecture estim\u00e9e\" \/>\n\t<meta name=\"twitter:data1\" content=\"1 minute\" \/>\n<script type=\"application\/ld+json\" class=\"yoast-schema-graph\">{\"@context\":\"https:\/\/schema.org\",\"@graph\":[{\"@type\":\"WebPage\",\"@id\":\"https:\/\/www.hotelwhitelisboa.com\/fr\/actualites-evenements\/\",\"url\":\"https:\/\/www.hotelwhitelisboa.com\/fr\/actualites-evenements\/\",\"name\":\"Actualit\u00e9s & \u00c9v\u00e9nements ~ Hotel White Lisboa ~\",\"isPartOf\":{\"@id\":\"https:\/\/www.hotelwhitelisboa.com\/fr\/#website\"},\"datePublished\":\"2024-12-10T11:25:58+00:00\",\"dateModified\":\"2024-12-10T14:58:50+00:00\",\"description\":\"Lisbonne est une ville qui bouge sans cesse, et Hotel White Lisboa est le point de d\u00e9part id\u00e9al pour explorer sa culture vibrante. Voici une s\u00e9lection des \u00e9v\u00e9nements incontournables en 2025. Prenez note !\",\"breadcrumb\":{\"@id\":\"https:\/\/www.hotelwhitelisboa.com\/fr\/actualites-evenements\/#breadcrumb\"},\"inLanguage\":\"fr-FR\",\"potentialAction\":[{\"@type\":\"ReadAction\",\"target\":[\"https:\/\/www.hotelwhitelisboa.com\/fr\/actualites-evenements\/\"]}]},{\"@type\":\"BreadcrumbList\",\"@id\":\"https:\/\/www.hotelwhitelisboa.com\/fr\/actualites-evenements\/#breadcrumb\",\"itemListElement\":[{\"@type\":\"ListItem\",\"position\":1,\"name\":\"Home\",\"item\":\"https:\/\/www.hotelwhitelisboa.com\/fr\/\"},{\"@type\":\"ListItem\",\"position\":2,\"name\":\"Actualit\u00e9s &#038; \u00c9v\u00e9nements\"}]},{\"@type\":\"WebSite\",\"@id\":\"https:\/\/www.hotelwhitelisboa.com\/fr\/#website\",\"url\":\"https:\/\/www.hotelwhitelisboa.com\/fr\/\",\"name\":\"Hotel White Lisboa\",\"description\":\"\",\"publisher\":{\"@id\":\"https:\/\/www.hotelwhitelisboa.com\/fr\/#organization\"},\"potentialAction\":[{\"@type\":\"SearchAction\",\"target\":{\"@type\":\"EntryPoint\",\"urlTemplate\":\"https:\/\/www.hotelwhitelisboa.com\/fr\/?s={search_term_string}\"},\"query-input\":\"required name=search_term_string\"}],\"inLanguage\":\"fr-FR\"},{\"@type\":\"Organization\",\"@id\":\"https:\/\/www.hotelwhitelisboa.com\/fr\/#organization\",\"name\":\"Hotel White Lisboa\",\"url\":\"https:\/\/www.hotelwhitelisboa.com\/fr\/\",\"logo\":{\"@type\":\"ImageObject\",\"inLanguage\":\"fr-FR\",\"@id\":\"https:\/\/www.hotelwhitelisboa.com\/fr\/#\/schema\/logo\/image\/\",\"url\":\"https:\/\/www.hotelwhitelisboa.com\/wp-content\/uploads\/sites\/190\/2024\/12\/logo.png\",\"contentUrl\":\"https:\/\/www.hotelwhitelisboa.com\/wp-content\/uploads\/sites\/190\/2024\/12\/logo.png\",\"width\":1422,\"height\":700,\"caption\":\"Hotel White Lisboa\"},\"image\":{\"@id\":\"https:\/\/www.hotelwhitelisboa.com\/fr\/#\/schema\/logo\/image\/\"},\"sameAs\":[\"https:\/\/www.facebook.com\/whitelisboa\",\"https:\/\/www.instagram.com\/whitelisboa\"]}]}<\/script>\n<!-- \/ Yoast SEO plugin. -->","yoast_head_json":{"title":"Actualit\u00e9s & \u00c9v\u00e9nements ~ Hotel White Lisboa ~","description":"Lisbonne est une ville qui bouge sans cesse, et Hotel White Lisboa est le point de d\u00e9part id\u00e9al pour explorer sa culture vibrante.    Voici une s\u00e9lection des \u00e9v\u00e9nements incontournables en 2025.    Prenez note !","robots":{"index":"index","follow":"follow","max-snippet":"max-snippet:-1","max-image-preview":"max-image-preview:large","max-video-preview":"max-video-preview:-1"},"canonical":"https:\/\/www.hotelwhitelisboa.com\/fr\/actualites-evenements\/","og_locale":"fr_FR","og_type":"article","og_title":"Actualit\u00e9s & \u00c9v\u00e9nements ~ Hotel White Lisboa ~","og_description":"Lisbonne est une ville qui bouge sans cesse, et Hotel White Lisboa est le point de d\u00e9part id\u00e9al pour explorer sa culture vibrante.    Voici une s\u00e9lection des \u00e9v\u00e9nements incontournables en 2025.    Prenez note !","og_url":"https:\/\/www.hotelwhitelisboa.com\/fr\/actualites-evenements\/","og_site_name":"Hotel White Lisboa","article_publisher":"https:\/\/www.facebook.com\/whitelisboa","article_modified_time":"2024-12-10T14:58:50+00:00","og_image":[{"width":2200,"height":1352,"url":"https:\/\/www.hotelwhitelisboa.com\/wp-content\/uploads\/sites\/190\/2024\/12\/reception-hotel-white-lisboa-1.jpg","type":"image\/jpeg"}],"twitter_card":"summary_large_image","twitter_misc":{"Dur\u00e9e de lecture estim\u00e9e":"1 minute"},"schema":{"@context":"https:\/\/schema.org","@graph":[{"@type":"WebPage","@id":"https:\/\/www.hotelwhitelisboa.com\/fr\/actualites-evenements\/","url":"https:\/\/www.hotelwhitelisboa.com\/fr\/actualites-evenements\/","name":"Actualit\u00e9s & \u00c9v\u00e9nements ~ Hotel White Lisboa ~","isPartOf":{"@id":"https:\/\/www.hotelwhitelisboa.com\/fr\/#website"},"datePublished":"2024-12-10T11:25:58+00:00","dateModified":"2024-12-10T14:58:50+00:00","description":"Lisbonne est une ville qui bouge sans cesse, et Hotel White Lisboa est le point de d\u00e9part id\u00e9al pour explorer sa culture vibrante. Voici une s\u00e9lection des \u00e9v\u00e9nements incontournables en 2025. Prenez note !","breadcrumb":{"@id":"https:\/\/www.hotelwhitelisboa.com\/fr\/actualites-evenements\/#breadcrumb"},"inLanguage":"fr-FR","potentialAction":[{"@type":"ReadAction","target":["https:\/\/www.hotelwhitelisboa.com\/fr\/actualites-evenements\/"]}]},{"@type":"BreadcrumbList","@id":"https:\/\/www.hotelwhitelisboa.com\/fr\/actualites-evenements\/#breadcrumb","itemListElement":[{"@type":"ListItem","position":1,"name":"Home","item":"https:\/\/www.hotelwhitelisboa.com\/fr\/"},{"@type":"ListItem","position":2,"name":"Actualit\u00e9s &#038; \u00c9v\u00e9nements"}]},{"@type":"WebSite","@id":"https:\/\/www.hotelwhitelisboa.com\/fr\/#website","url":"https:\/\/www.hotelwhitelisboa.com\/fr\/","name":"Hotel White Lisboa","description":"","publisher":{"@id":"https:\/\/www.hotelwhitelisboa.com\/fr\/#organization"},"potentialAction":[{"@type":"SearchAction","target":{"@type":"EntryPoint","urlTemplate":"https:\/\/www.hotelwhitelisboa.com\/fr\/?s={search_term_string}"},"query-input":"required name=search_term_string"}],"inLanguage":"fr-FR"},{"@type":"Organization","@id":"https:\/\/www.hotelwhitelisboa.com\/fr\/#organization","name":"Hotel White Lisboa","url":"https:\/\/www.hotelwhitelisboa.com\/fr\/","logo":{"@type":"ImageObject","inLanguage":"fr-FR","@id":"https:\/\/www.hotelwhitelisboa.com\/fr\/#\/schema\/logo\/image\/","url":"https:\/\/www.hotelwhitelisboa.com\/wp-content\/uploads\/sites\/190\/2024\/12\/logo.png","contentUrl":"https:\/\/www.hotelwhitelisboa.com\/wp-content\/uploads\/sites\/190\/2024\/12\/logo.png","width":1422,"height":700,"caption":"Hotel White Lisboa"},"image":{"@id":"https:\/\/www.hotelwhitelisboa.com\/fr\/#\/schema\/logo\/image\/"},"sameAs":["https:\/\/www.facebook.com\/whitelisboa","https:\/\/www.instagram.com\/whitelisboa"]}]}},"acf":[],"_links":{"self":[{"href":"https:\/\/www.hotelwhitelisboa.com\/fr\/wp-json\/wp\/v2\/pages\/134"}],"collection":[{"href":"https:\/\/www.hotelwhitelisboa.com\/fr\/wp-json\/wp\/v2\/pages"}],"about":[{"href":"https:\/\/www.hotelwhitelisboa.com\/fr\/wp-json\/wp\/v2\/types\/page"}],"author":[{"embeddable":true,"href":"https:\/\/www.hotelwhitelisboa.com\/fr\/wp-json\/wp\/v2\/users\/8"}],"replies":[{"embeddable":true,"href":"https:\/\/www.hotelwhitelisboa.com\/fr\/wp-json\/wp\/v2\/comments?post=134"}],"version-history":[{"count":0,"href":"https:\/\/www.hotelwhitelisboa.com\/fr\/wp-json\/wp\/v2\/pages\/134\/revisions"}],"wp:attachment":[{"href":"https:\/\/www.hotelwhitelisboa.com\/fr\/wp-json\/wp\/v2\/media?parent=134"}],"curies":[{"name":"wp","href":"https:\/\/api.w.org\/{rel}","templated":true}]}}