{"id":126,"date":"2024-12-10T09:49:18","date_gmt":"2024-12-10T09:49:18","guid":{"rendered":"http:\/\/hotel-whiteisboa.ms2.decms.eu\/?page_id=126"},"modified":"2024-12-10T11:04:36","modified_gmt":"2024-12-10T11:04:36","slug":"alentours","status":"publish","type":"page","link":"https:\/\/www.hotelwhitelisboa.com\/fr\/alentours\/","title":{"rendered":"Alentours"},"content":{"rendered":"<p>Lisbonne est une ville avec plus de 1.000 ans d\u2019histoire, offrant un patrimoine historique fascinant \u00e0 d\u00e9couvrir.<\/p>\n<p>&nbsp;<\/p>\n<p>Depuis l\u2019h\u00f4tel, <strong>vous pouvez facilement rejoindre<\/strong> la partie la plus ancienne de la ville pour visiter le Ch\u00e2teau, le centre-ville historique, le Chiado et le Bairro Alto, ainsi que les charmants quartiers environnants, riches en \u00e9glises anciennes et mus\u00e9es.<\/p>\n<p>&nbsp;<\/p>\n<p>Lisbonne est fi\u00e8re de son fleuve, le Tage, et la zone de Bel\u00e9m, au bord du fleuve, offre des monuments et des panoramas \u00e0 ne pas manquer.<\/p>\n<p>&nbsp;<\/p>\n<p>\u00c0 quelques pas de l\u2019h\u00f4tel, d\u00e9couvrez le principal Centre Culturel de Lisbonne, son magnifique jardin, des concerts de musique <strong>classique, des expositions temporaires ou encore<\/strong> sa collection permanente.<\/p>\n<p>&nbsp;<\/p>\n<p>Si vous visitez Lisbonne en \u00e9t\u00e9, profitez de l\u2019extraordinaire offre de festivals de musique estivaux.<\/p>\n","protected":false},"excerpt":{"rendered":"<p>Lisbonne est une ville avec plus de 1.000 ans d\u2019histoire, offrant un patrimoine historique fascinant \u00e0 d\u00e9couvrir. &nbsp; Depuis l\u2019h\u00f4tel, vous pouvez facilement rejoindre la partie la plus ancienne de la ville pour visiter le Ch\u00e2teau, le centre-ville historique, le Chiado et le Bairro Alto, ainsi que les charmants quartiers environnants, riches en \u00e9glises anciennes [&hellip;]<\/p>\n","protected":false},"author":8,"featured_media":0,"parent":0,"menu_order":20,"comment_status":"closed","ping_status":"closed","template":"template-surroundings.php","meta":{"footnotes":""},"yoast_head":"<!-- This site is optimized with the Yoast SEO plugin v22.3 - https:\/\/yoast.com\/wordpress\/plugins\/seo\/ -->\n<title>Alentours ~ Hotel White Lisboa ~<\/title>\n<meta name=\"description\" content=\"Lisbonne est une ville avec plus de 1.000 ans d\u2019histoire, offrant un patrimoine historique fascinant \u00e0 d\u00e9couvrir.  &nbsp;  Depuis l\u2019h\u00f4tel, vous pouvez facilement rejoindre la partie la plus ancienne de la ville pour visiter le Ch\u00e2teau, le centre-ville historique, le Chiado et le Bairro Alto, ainsi que les charmants quartiers environnants, riches en \u00e9glises anciennes et mus\u00e9es.  &nbsp;  Lisbonne est fi\u00e8re de son fleuve, le Tage, et la zone de Bel\u00e9m, au bord du fleuve, offre des monuments et des panoramas \u00e0 ne pas manquer.  &nbsp;  \u00c0 quelques pas de l\u2019h\u00f4tel, d\u00e9couvrez le principal Centre Culturel de Lisbonne, son magnifique jardin, des concerts de musique classique, des expositions temporaires ou encore sa collection permanente.  &nbsp;  Si vous visitez Lisbonne en \u00e9t\u00e9, profitez de l\u2019extraordinaire offre de festivals de musique estivaux..\" \/>\n<meta name=\"robots\" content=\"index, follow, max-snippet:-1, max-image-preview:large, max-video-preview:-1\" \/>\n<link rel=\"canonical\" href=\"https:\/\/www.hotelwhitelisboa.com\/fr\/alentours\/\" \/>\n<meta property=\"og:locale\" content=\"fr_FR\" \/>\n<meta property=\"og:type\" content=\"article\" \/>\n<meta property=\"og:title\" content=\"Alentours ~ Hotel White Lisboa ~\" \/>\n<meta property=\"og:description\" content=\"Lisbonne est une ville avec plus de 1.000 ans d\u2019histoire, offrant un patrimoine historique fascinant \u00e0 d\u00e9couvrir.  &nbsp;  Depuis l\u2019h\u00f4tel, vous pouvez facilement rejoindre la partie la plus ancienne de la ville pour visiter le Ch\u00e2teau, le centre-ville historique, le Chiado et le Bairro Alto, ainsi que les charmants quartiers environnants, riches en \u00e9glises anciennes et mus\u00e9es.  &nbsp;  Lisbonne est fi\u00e8re de son fleuve, le Tage, et la zone de Bel\u00e9m, au bord du fleuve, offre des monuments et des panoramas \u00e0 ne pas manquer.  &nbsp;  \u00c0 quelques pas de l\u2019h\u00f4tel, d\u00e9couvrez le principal Centre Culturel de Lisbonne, son magnifique jardin, des concerts de musique classique, des expositions temporaires ou encore sa collection permanente.  &nbsp;  Si vous visitez Lisbonne en \u00e9t\u00e9, profitez de l\u2019extraordinaire offre de festivals de musique estivaux..\" \/>\n<meta property=\"og:url\" content=\"https:\/\/www.hotelwhitelisboa.com\/fr\/alentours\/\" \/>\n<meta property=\"og:site_name\" content=\"Hotel White Lisboa\" \/>\n<meta property=\"article:publisher\" content=\"https:\/\/www.facebook.com\/whitelisboa\" \/>\n<meta property=\"article:modified_time\" content=\"2024-12-10T11:04:36+00:00\" \/>\n<meta property=\"og:image\" content=\"https:\/\/www.hotelwhitelisboa.com\/wp-content\/uploads\/sites\/190\/2024\/12\/reception-hotel-white-lisboa-1.jpg\" \/>\n\t<meta property=\"og:image:width\" content=\"2200\" \/>\n\t<meta property=\"og:image:height\" content=\"1352\" \/>\n\t<meta property=\"og:image:type\" content=\"image\/jpeg\" \/>\n<meta name=\"twitter:card\" content=\"summary_large_image\" \/>\n<meta name=\"twitter:label1\" content=\"Dur\u00e9e de lecture estim\u00e9e\" \/>\n\t<meta name=\"twitter:data1\" content=\"1 minute\" \/>\n<script type=\"application\/ld+json\" class=\"yoast-schema-graph\">{\"@context\":\"https:\/\/schema.org\",\"@graph\":[{\"@type\":\"WebPage\",\"@id\":\"https:\/\/www.hotelwhitelisboa.com\/fr\/alentours\/\",\"url\":\"https:\/\/www.hotelwhitelisboa.com\/fr\/alentours\/\",\"name\":\"Alentours ~ Hotel White Lisboa ~\",\"isPartOf\":{\"@id\":\"https:\/\/www.hotelwhitelisboa.com\/fr\/#website\"},\"datePublished\":\"2024-12-10T09:49:18+00:00\",\"dateModified\":\"2024-12-10T11:04:36+00:00\",\"description\":\"Lisbonne est une ville avec plus de 1.000 ans d\u2019histoire, offrant un patrimoine historique fascinant \u00e0 d\u00e9couvrir. &nbsp; Depuis l\u2019h\u00f4tel, vous pouvez facilement rejoindre la partie la plus ancienne de la ville pour visiter le Ch\u00e2teau, le centre-ville historique, le Chiado et le Bairro Alto, ainsi que les charmants quartiers environnants, riches en \u00e9glises anciennes et mus\u00e9es. &nbsp; Lisbonne est fi\u00e8re de son fleuve, le Tage, et la zone de Bel\u00e9m, au bord du fleuve, offre des monuments et des panoramas \u00e0 ne pas manquer. &nbsp; \u00c0 quelques pas de l\u2019h\u00f4tel, d\u00e9couvrez le principal Centre Culturel de Lisbonne, son magnifique jardin, des concerts de musique classique, des expositions temporaires ou encore sa collection permanente. &nbsp; Si vous visitez Lisbonne en \u00e9t\u00e9, profitez de l\u2019extraordinaire offre de festivals de musique estivaux..\",\"breadcrumb\":{\"@id\":\"https:\/\/www.hotelwhitelisboa.com\/fr\/alentours\/#breadcrumb\"},\"inLanguage\":\"fr-FR\",\"potentialAction\":[{\"@type\":\"ReadAction\",\"target\":[\"https:\/\/www.hotelwhitelisboa.com\/fr\/alentours\/\"]}]},{\"@type\":\"BreadcrumbList\",\"@id\":\"https:\/\/www.hotelwhitelisboa.com\/fr\/alentours\/#breadcrumb\",\"itemListElement\":[{\"@type\":\"ListItem\",\"position\":1,\"name\":\"Home\",\"item\":\"https:\/\/www.hotelwhitelisboa.com\/fr\/\"},{\"@type\":\"ListItem\",\"position\":2,\"name\":\"Alentours\"}]},{\"@type\":\"WebSite\",\"@id\":\"https:\/\/www.hotelwhitelisboa.com\/fr\/#website\",\"url\":\"https:\/\/www.hotelwhitelisboa.com\/fr\/\",\"name\":\"Hotel White Lisboa\",\"description\":\"\",\"publisher\":{\"@id\":\"https:\/\/www.hotelwhitelisboa.com\/fr\/#organization\"},\"potentialAction\":[{\"@type\":\"SearchAction\",\"target\":{\"@type\":\"EntryPoint\",\"urlTemplate\":\"https:\/\/www.hotelwhitelisboa.com\/fr\/?s={search_term_string}\"},\"query-input\":\"required name=search_term_string\"}],\"inLanguage\":\"fr-FR\"},{\"@type\":\"Organization\",\"@id\":\"https:\/\/www.hotelwhitelisboa.com\/fr\/#organization\",\"name\":\"Hotel White Lisboa\",\"url\":\"https:\/\/www.hotelwhitelisboa.com\/fr\/\",\"logo\":{\"@type\":\"ImageObject\",\"inLanguage\":\"fr-FR\",\"@id\":\"https:\/\/www.hotelwhitelisboa.com\/fr\/#\/schema\/logo\/image\/\",\"url\":\"https:\/\/www.hotelwhitelisboa.com\/wp-content\/uploads\/sites\/190\/2024\/12\/logo.png\",\"contentUrl\":\"https:\/\/www.hotelwhitelisboa.com\/wp-content\/uploads\/sites\/190\/2024\/12\/logo.png\",\"width\":1422,\"height\":700,\"caption\":\"Hotel White Lisboa\"},\"image\":{\"@id\":\"https:\/\/www.hotelwhitelisboa.com\/fr\/#\/schema\/logo\/image\/\"},\"sameAs\":[\"https:\/\/www.facebook.com\/whitelisboa\",\"https:\/\/www.instagram.com\/whitelisboa\"]}]}<\/script>\n<!-- \/ Yoast SEO plugin. -->","yoast_head_json":{"title":"Alentours ~ Hotel White Lisboa ~","description":"Lisbonne est une ville avec plus de 1.000 ans d\u2019histoire, offrant un patrimoine historique fascinant \u00e0 d\u00e9couvrir.  &nbsp;  Depuis l\u2019h\u00f4tel, vous pouvez facilement rejoindre la partie la plus ancienne de la ville pour visiter le Ch\u00e2teau, le centre-ville historique, le Chiado et le Bairro Alto, ainsi que les charmants quartiers environnants, riches en \u00e9glises anciennes et mus\u00e9es.  &nbsp;  Lisbonne est fi\u00e8re de son fleuve, le Tage, et la zone de Bel\u00e9m, au bord du fleuve, offre des monuments et des panoramas \u00e0 ne pas manquer.  &nbsp;  \u00c0 quelques pas de l\u2019h\u00f4tel, d\u00e9couvrez le principal Centre Culturel de Lisbonne, son magnifique jardin, des concerts de musique classique, des expositions temporaires ou encore sa collection permanente.  &nbsp;  Si vous visitez Lisbonne en \u00e9t\u00e9, profitez de l\u2019extraordinaire offre de festivals de musique estivaux..","robots":{"index":"index","follow":"follow","max-snippet":"max-snippet:-1","max-image-preview":"max-image-preview:large","max-video-preview":"max-video-preview:-1"},"canonical":"https:\/\/www.hotelwhitelisboa.com\/fr\/alentours\/","og_locale":"fr_FR","og_type":"article","og_title":"Alentours ~ Hotel White Lisboa ~","og_description":"Lisbonne est une ville avec plus de 1.000 ans d\u2019histoire, offrant un patrimoine historique fascinant \u00e0 d\u00e9couvrir.  &nbsp;  Depuis l\u2019h\u00f4tel, vous pouvez facilement rejoindre la partie la plus ancienne de la ville pour visiter le Ch\u00e2teau, le centre-ville historique, le Chiado et le Bairro Alto, ainsi que les charmants quartiers environnants, riches en \u00e9glises anciennes et mus\u00e9es.  &nbsp;  Lisbonne est fi\u00e8re de son fleuve, le Tage, et la zone de Bel\u00e9m, au bord du fleuve, offre des monuments et des panoramas \u00e0 ne pas manquer.  &nbsp;  \u00c0 quelques pas de l\u2019h\u00f4tel, d\u00e9couvrez le principal Centre Culturel de Lisbonne, son magnifique jardin, des concerts de musique classique, des expositions temporaires ou encore sa collection permanente.  &nbsp;  Si vous visitez Lisbonne en \u00e9t\u00e9, profitez de l\u2019extraordinaire offre de festivals de musique estivaux..","og_url":"https:\/\/www.hotelwhitelisboa.com\/fr\/alentours\/","og_site_name":"Hotel White Lisboa","article_publisher":"https:\/\/www.facebook.com\/whitelisboa","article_modified_time":"2024-12-10T11:04:36+00:00","og_image":[{"width":2200,"height":1352,"url":"https:\/\/www.hotelwhitelisboa.com\/wp-content\/uploads\/sites\/190\/2024\/12\/reception-hotel-white-lisboa-1.jpg","type":"image\/jpeg"}],"twitter_card":"summary_large_image","twitter_misc":{"Dur\u00e9e de lecture estim\u00e9e":"1 minute"},"schema":{"@context":"https:\/\/schema.org","@graph":[{"@type":"WebPage","@id":"https:\/\/www.hotelwhitelisboa.com\/fr\/alentours\/","url":"https:\/\/www.hotelwhitelisboa.com\/fr\/alentours\/","name":"Alentours ~ Hotel White Lisboa ~","isPartOf":{"@id":"https:\/\/www.hotelwhitelisboa.com\/fr\/#website"},"datePublished":"2024-12-10T09:49:18+00:00","dateModified":"2024-12-10T11:04:36+00:00","description":"Lisbonne est une ville avec plus de 1.000 ans d\u2019histoire, offrant un patrimoine historique fascinant \u00e0 d\u00e9couvrir. &nbsp; Depuis l\u2019h\u00f4tel, vous pouvez facilement rejoindre la partie la plus ancienne de la ville pour visiter le Ch\u00e2teau, le centre-ville historique, le Chiado et le Bairro Alto, ainsi que les charmants quartiers environnants, riches en \u00e9glises anciennes et mus\u00e9es. &nbsp; Lisbonne est fi\u00e8re de son fleuve, le Tage, et la zone de Bel\u00e9m, au bord du fleuve, offre des monuments et des panoramas \u00e0 ne pas manquer. &nbsp; \u00c0 quelques pas de l\u2019h\u00f4tel, d\u00e9couvrez le principal Centre Culturel de Lisbonne, son magnifique jardin, des concerts de musique classique, des expositions temporaires ou encore sa collection permanente. &nbsp; Si vous visitez Lisbonne en \u00e9t\u00e9, profitez de l\u2019extraordinaire offre de festivals de musique estivaux..","breadcrumb":{"@id":"https:\/\/www.hotelwhitelisboa.com\/fr\/alentours\/#breadcrumb"},"inLanguage":"fr-FR","potentialAction":[{"@type":"ReadAction","target":["https:\/\/www.hotelwhitelisboa.com\/fr\/alentours\/"]}]},{"@type":"BreadcrumbList","@id":"https:\/\/www.hotelwhitelisboa.com\/fr\/alentours\/#breadcrumb","itemListElement":[{"@type":"ListItem","position":1,"name":"Home","item":"https:\/\/www.hotelwhitelisboa.com\/fr\/"},{"@type":"ListItem","position":2,"name":"Alentours"}]},{"@type":"WebSite","@id":"https:\/\/www.hotelwhitelisboa.com\/fr\/#website","url":"https:\/\/www.hotelwhitelisboa.com\/fr\/","name":"Hotel White Lisboa","description":"","publisher":{"@id":"https:\/\/www.hotelwhitelisboa.com\/fr\/#organization"},"potentialAction":[{"@type":"SearchAction","target":{"@type":"EntryPoint","urlTemplate":"https:\/\/www.hotelwhitelisboa.com\/fr\/?s={search_term_string}"},"query-input":"required name=search_term_string"}],"inLanguage":"fr-FR"},{"@type":"Organization","@id":"https:\/\/www.hotelwhitelisboa.com\/fr\/#organization","name":"Hotel White Lisboa","url":"https:\/\/www.hotelwhitelisboa.com\/fr\/","logo":{"@type":"ImageObject","inLanguage":"fr-FR","@id":"https:\/\/www.hotelwhitelisboa.com\/fr\/#\/schema\/logo\/image\/","url":"https:\/\/www.hotelwhitelisboa.com\/wp-content\/uploads\/sites\/190\/2024\/12\/logo.png","contentUrl":"https:\/\/www.hotelwhitelisboa.com\/wp-content\/uploads\/sites\/190\/2024\/12\/logo.png","width":1422,"height":700,"caption":"Hotel White Lisboa"},"image":{"@id":"https:\/\/www.hotelwhitelisboa.com\/fr\/#\/schema\/logo\/image\/"},"sameAs":["https:\/\/www.facebook.com\/whitelisboa","https:\/\/www.instagram.com\/whitelisboa"]}]}},"acf":[],"_links":{"self":[{"href":"https:\/\/www.hotelwhitelisboa.com\/fr\/wp-json\/wp\/v2\/pages\/126"}],"collection":[{"href":"https:\/\/www.hotelwhitelisboa.com\/fr\/wp-json\/wp\/v2\/pages"}],"about":[{"href":"https:\/\/www.hotelwhitelisboa.com\/fr\/wp-json\/wp\/v2\/types\/page"}],"author":[{"embeddable":true,"href":"https:\/\/www.hotelwhitelisboa.com\/fr\/wp-json\/wp\/v2\/users\/8"}],"replies":[{"embeddable":true,"href":"https:\/\/www.hotelwhitelisboa.com\/fr\/wp-json\/wp\/v2\/comments?post=126"}],"version-history":[{"count":0,"href":"https:\/\/www.hotelwhitelisboa.com\/fr\/wp-json\/wp\/v2\/pages\/126\/revisions"}],"wp:attachment":[{"href":"https:\/\/www.hotelwhitelisboa.com\/fr\/wp-json\/wp\/v2\/media?parent=126"}],"curies":[{"name":"wp","href":"https:\/\/api.w.org\/{rel}","templated":true}]}}