{"id":62,"date":"2024-12-05T14:43:55","date_gmt":"2024-12-05T14:43:55","guid":{"rendered":"https:\/\/hotel-whiteisboa.ms2.decms.eu\/?page_id=62"},"modified":"2024-12-05T14:47:08","modified_gmt":"2024-12-05T14:47:08","slug":"high-duplex-suite","status":"publish","type":"page","link":"https:\/\/www.hotelwhitelisboa.com\/es\/habitaciones-y-suites\/high-duplex-suite\/","title":{"rendered":"High Duplex Suite"},"content":{"rendered":"<p>D\u00faplex con cama de matrimonio y situado en la \u00faltima planta del hotel.<br \/>\nLos amplios ventanales permiten una mayor luminosidad en la suite haciendo que todo el espacio sea m\u00e1s luminoso.<\/p>\n<p>El sal\u00f3n dispone de un sof\u00e1 cama y una zona de trabajo.<\/p>\n<p>El dormitorio se encuentra en la 2\u00aa planta de la suite.<\/p>\n","protected":false},"excerpt":{"rendered":"<p>D\u00faplex con cama de matrimonio y situado en la \u00faltima planta del hotel. Los amplios ventanales permiten una mayor luminosidad en la suite haciendo que todo el espacio sea m\u00e1s luminoso. El sal\u00f3n dispone de un sof\u00e1 cama y una zona de trabajo. El dormitorio se encuentra en la 2\u00aa planta de la suite.<\/p>\n","protected":false},"author":8,"featured_media":0,"parent":27,"menu_order":4,"comment_status":"closed","ping_status":"closed","template":"template-single-room.php","meta":{"footnotes":""},"yoast_head":"<!-- This site is optimized with the Yoast SEO plugin v22.3 - https:\/\/yoast.com\/wordpress\/plugins\/seo\/ -->\n<title>High Duplex Suite ~ Hotel White Lisboa ~<\/title>\n<meta name=\"description\" content=\"D\u00faplex con cama de matrimonio y situado en la \u00faltima planta del hotel. Los amplios ventanales permiten una mayor luminosidad en la suite haciendo que todo el espacio sea m\u00e1s luminoso.  El sal\u00f3n dispone de un sof\u00e1 cama y una zona de trabajo.  El dormitorio se encuentra en la 2\u00aa planta de la suite..\" \/>\n<meta name=\"robots\" content=\"index, follow, max-snippet:-1, max-image-preview:large, max-video-preview:-1\" \/>\n<link rel=\"canonical\" href=\"https:\/\/www.hotelwhitelisboa.com\/es\/habitaciones-y-suites\/high-duplex-suite\/\" \/>\n<meta property=\"og:locale\" content=\"es_ES\" \/>\n<meta property=\"og:type\" content=\"article\" \/>\n<meta property=\"og:title\" content=\"High Duplex Suite ~ Hotel White Lisboa ~\" \/>\n<meta property=\"og:description\" content=\"D\u00faplex con cama de matrimonio y situado en la \u00faltima planta del hotel. Los amplios ventanales permiten una mayor luminosidad en la suite haciendo que todo el espacio sea m\u00e1s luminoso.  El sal\u00f3n dispone de un sof\u00e1 cama y una zona de trabajo.  El dormitorio se encuentra en la 2\u00aa planta de la suite..\" \/>\n<meta property=\"og:url\" content=\"https:\/\/www.hotelwhitelisboa.com\/es\/habitaciones-y-suites\/high-duplex-suite\/\" \/>\n<meta property=\"og:site_name\" content=\"Hotel White Lisboa\" \/>\n<meta property=\"article:publisher\" content=\"https:\/\/www.facebook.com\/whitelisboa\" \/>\n<meta property=\"article:modified_time\" content=\"2024-12-05T14:47:08+00:00\" \/>\n<meta property=\"og:image\" content=\"https:\/\/www.hotelwhitelisboa.com\/wp-content\/uploads\/sites\/190\/2024\/12\/reception-hotel-white-lisboa-1.jpg\" \/>\n\t<meta property=\"og:image:width\" content=\"2200\" \/>\n\t<meta property=\"og:image:height\" content=\"1352\" \/>\n\t<meta property=\"og:image:type\" content=\"image\/jpeg\" \/>\n<meta name=\"twitter:card\" content=\"summary_large_image\" \/>\n<meta name=\"twitter:label1\" content=\"Tiempo de lectura\" \/>\n\t<meta name=\"twitter:data1\" content=\"1 minuto\" \/>\n<script type=\"application\/ld+json\" class=\"yoast-schema-graph\">{\"@context\":\"https:\/\/schema.org\",\"@graph\":[{\"@type\":\"WebPage\",\"@id\":\"https:\/\/www.hotelwhitelisboa.com\/es\/habitaciones-y-suites\/high-duplex-suite\/\",\"url\":\"https:\/\/www.hotelwhitelisboa.com\/es\/habitaciones-y-suites\/high-duplex-suite\/\",\"name\":\"High Duplex Suite ~ Hotel White Lisboa ~\",\"isPartOf\":{\"@id\":\"https:\/\/www.hotelwhitelisboa.com\/es\/#website\"},\"datePublished\":\"2024-12-05T14:43:55+00:00\",\"dateModified\":\"2024-12-05T14:47:08+00:00\",\"description\":\"D\u00faplex con cama de matrimonio y situado en la \u00faltima planta del hotel. Los amplios ventanales permiten una mayor luminosidad en la suite haciendo que todo el espacio sea m\u00e1s luminoso. El sal\u00f3n dispone de un sof\u00e1 cama y una zona de trabajo. El dormitorio se encuentra en la 2\u00aa planta de la suite..\",\"breadcrumb\":{\"@id\":\"https:\/\/www.hotelwhitelisboa.com\/es\/habitaciones-y-suites\/high-duplex-suite\/#breadcrumb\"},\"inLanguage\":\"es\",\"potentialAction\":[{\"@type\":\"ReadAction\",\"target\":[\"https:\/\/www.hotelwhitelisboa.com\/es\/habitaciones-y-suites\/high-duplex-suite\/\"]}]},{\"@type\":\"BreadcrumbList\",\"@id\":\"https:\/\/www.hotelwhitelisboa.com\/es\/habitaciones-y-suites\/high-duplex-suite\/#breadcrumb\",\"itemListElement\":[{\"@type\":\"ListItem\",\"position\":1,\"name\":\"Home\",\"item\":\"https:\/\/www.hotelwhitelisboa.com\/es\/\"},{\"@type\":\"ListItem\",\"position\":2,\"name\":\"Habitaciones y Suites\",\"item\":\"https:\/\/www.hotelwhitelisboa.com\/es\/habitaciones-y-suites\/\"},{\"@type\":\"ListItem\",\"position\":3,\"name\":\"High Duplex Suite\"}]},{\"@type\":\"WebSite\",\"@id\":\"https:\/\/www.hotelwhitelisboa.com\/es\/#website\",\"url\":\"https:\/\/www.hotelwhitelisboa.com\/es\/\",\"name\":\"Hotel White Lisboa\",\"description\":\"\",\"publisher\":{\"@id\":\"https:\/\/www.hotelwhitelisboa.com\/es\/#organization\"},\"potentialAction\":[{\"@type\":\"SearchAction\",\"target\":{\"@type\":\"EntryPoint\",\"urlTemplate\":\"https:\/\/www.hotelwhitelisboa.com\/es\/?s={search_term_string}\"},\"query-input\":\"required name=search_term_string\"}],\"inLanguage\":\"es\"},{\"@type\":\"Organization\",\"@id\":\"https:\/\/www.hotelwhitelisboa.com\/es\/#organization\",\"name\":\"Hotel White Lisboa\",\"url\":\"https:\/\/www.hotelwhitelisboa.com\/es\/\",\"logo\":{\"@type\":\"ImageObject\",\"inLanguage\":\"es\",\"@id\":\"https:\/\/www.hotelwhitelisboa.com\/es\/#\/schema\/logo\/image\/\",\"url\":\"https:\/\/www.hotelwhitelisboa.com\/wp-content\/uploads\/sites\/190\/2024\/12\/logo.png\",\"contentUrl\":\"https:\/\/www.hotelwhitelisboa.com\/wp-content\/uploads\/sites\/190\/2024\/12\/logo.png\",\"width\":1422,\"height\":700,\"caption\":\"Hotel White Lisboa\"},\"image\":{\"@id\":\"https:\/\/www.hotelwhitelisboa.com\/es\/#\/schema\/logo\/image\/\"},\"sameAs\":[\"https:\/\/www.facebook.com\/whitelisboa\",\"https:\/\/www.instagram.com\/whitelisboa\"]}]}<\/script>\n<!-- \/ Yoast SEO plugin. -->","yoast_head_json":{"title":"High Duplex Suite ~ Hotel White Lisboa ~","description":"D\u00faplex con cama de matrimonio y situado en la \u00faltima planta del hotel. Los amplios ventanales permiten una mayor luminosidad en la suite haciendo que todo el espacio sea m\u00e1s luminoso.  El sal\u00f3n dispone de un sof\u00e1 cama y una zona de trabajo.  El dormitorio se encuentra en la 2\u00aa planta de la suite..","robots":{"index":"index","follow":"follow","max-snippet":"max-snippet:-1","max-image-preview":"max-image-preview:large","max-video-preview":"max-video-preview:-1"},"canonical":"https:\/\/www.hotelwhitelisboa.com\/es\/habitaciones-y-suites\/high-duplex-suite\/","og_locale":"es_ES","og_type":"article","og_title":"High Duplex Suite ~ Hotel White Lisboa ~","og_description":"D\u00faplex con cama de matrimonio y situado en la \u00faltima planta del hotel. Los amplios ventanales permiten una mayor luminosidad en la suite haciendo que todo el espacio sea m\u00e1s luminoso.  El sal\u00f3n dispone de un sof\u00e1 cama y una zona de trabajo.  El dormitorio se encuentra en la 2\u00aa planta de la suite..","og_url":"https:\/\/www.hotelwhitelisboa.com\/es\/habitaciones-y-suites\/high-duplex-suite\/","og_site_name":"Hotel White Lisboa","article_publisher":"https:\/\/www.facebook.com\/whitelisboa","article_modified_time":"2024-12-05T14:47:08+00:00","og_image":[{"width":2200,"height":1352,"url":"https:\/\/www.hotelwhitelisboa.com\/wp-content\/uploads\/sites\/190\/2024\/12\/reception-hotel-white-lisboa-1.jpg","type":"image\/jpeg"}],"twitter_card":"summary_large_image","twitter_misc":{"Tiempo de lectura":"1 minuto"},"schema":{"@context":"https:\/\/schema.org","@graph":[{"@type":"WebPage","@id":"https:\/\/www.hotelwhitelisboa.com\/es\/habitaciones-y-suites\/high-duplex-suite\/","url":"https:\/\/www.hotelwhitelisboa.com\/es\/habitaciones-y-suites\/high-duplex-suite\/","name":"High Duplex Suite ~ Hotel White Lisboa ~","isPartOf":{"@id":"https:\/\/www.hotelwhitelisboa.com\/es\/#website"},"datePublished":"2024-12-05T14:43:55+00:00","dateModified":"2024-12-05T14:47:08+00:00","description":"D\u00faplex con cama de matrimonio y situado en la \u00faltima planta del hotel. Los amplios ventanales permiten una mayor luminosidad en la suite haciendo que todo el espacio sea m\u00e1s luminoso. El sal\u00f3n dispone de un sof\u00e1 cama y una zona de trabajo. El dormitorio se encuentra en la 2\u00aa planta de la suite..","breadcrumb":{"@id":"https:\/\/www.hotelwhitelisboa.com\/es\/habitaciones-y-suites\/high-duplex-suite\/#breadcrumb"},"inLanguage":"es","potentialAction":[{"@type":"ReadAction","target":["https:\/\/www.hotelwhitelisboa.com\/es\/habitaciones-y-suites\/high-duplex-suite\/"]}]},{"@type":"BreadcrumbList","@id":"https:\/\/www.hotelwhitelisboa.com\/es\/habitaciones-y-suites\/high-duplex-suite\/#breadcrumb","itemListElement":[{"@type":"ListItem","position":1,"name":"Home","item":"https:\/\/www.hotelwhitelisboa.com\/es\/"},{"@type":"ListItem","position":2,"name":"Habitaciones y Suites","item":"https:\/\/www.hotelwhitelisboa.com\/es\/habitaciones-y-suites\/"},{"@type":"ListItem","position":3,"name":"High Duplex Suite"}]},{"@type":"WebSite","@id":"https:\/\/www.hotelwhitelisboa.com\/es\/#website","url":"https:\/\/www.hotelwhitelisboa.com\/es\/","name":"Hotel White Lisboa","description":"","publisher":{"@id":"https:\/\/www.hotelwhitelisboa.com\/es\/#organization"},"potentialAction":[{"@type":"SearchAction","target":{"@type":"EntryPoint","urlTemplate":"https:\/\/www.hotelwhitelisboa.com\/es\/?s={search_term_string}"},"query-input":"required name=search_term_string"}],"inLanguage":"es"},{"@type":"Organization","@id":"https:\/\/www.hotelwhitelisboa.com\/es\/#organization","name":"Hotel White Lisboa","url":"https:\/\/www.hotelwhitelisboa.com\/es\/","logo":{"@type":"ImageObject","inLanguage":"es","@id":"https:\/\/www.hotelwhitelisboa.com\/es\/#\/schema\/logo\/image\/","url":"https:\/\/www.hotelwhitelisboa.com\/wp-content\/uploads\/sites\/190\/2024\/12\/logo.png","contentUrl":"https:\/\/www.hotelwhitelisboa.com\/wp-content\/uploads\/sites\/190\/2024\/12\/logo.png","width":1422,"height":700,"caption":"Hotel White Lisboa"},"image":{"@id":"https:\/\/www.hotelwhitelisboa.com\/es\/#\/schema\/logo\/image\/"},"sameAs":["https:\/\/www.facebook.com\/whitelisboa","https:\/\/www.instagram.com\/whitelisboa"]}]}},"acf":[],"_links":{"self":[{"href":"https:\/\/www.hotelwhitelisboa.com\/es\/wp-json\/wp\/v2\/pages\/62"}],"collection":[{"href":"https:\/\/www.hotelwhitelisboa.com\/es\/wp-json\/wp\/v2\/pages"}],"about":[{"href":"https:\/\/www.hotelwhitelisboa.com\/es\/wp-json\/wp\/v2\/types\/page"}],"author":[{"embeddable":true,"href":"https:\/\/www.hotelwhitelisboa.com\/es\/wp-json\/wp\/v2\/users\/8"}],"replies":[{"embeddable":true,"href":"https:\/\/www.hotelwhitelisboa.com\/es\/wp-json\/wp\/v2\/comments?post=62"}],"version-history":[{"count":0,"href":"https:\/\/www.hotelwhitelisboa.com\/es\/wp-json\/wp\/v2\/pages\/62\/revisions"}],"up":[{"embeddable":true,"href":"https:\/\/www.hotelwhitelisboa.com\/es\/wp-json\/wp\/v2\/pages\/27"}],"wp:attachment":[{"href":"https:\/\/www.hotelwhitelisboa.com\/es\/wp-json\/wp\/v2\/media?parent=62"}],"curies":[{"name":"wp","href":"https:\/\/api.w.org\/{rel}","templated":true}]}}